{"id":7,"date":"2025-11-07T03:35:40","date_gmt":"2025-11-07T03:35:40","guid":{"rendered":"https:\/\/mmendiola.net\/ic\/?page_id=7"},"modified":"2025-11-08T18:34:18","modified_gmt":"2025-11-08T18:34:18","slug":"ingenieria-de-prompts","status":"publish","type":"page","link":"https:\/\/mmendiola.net\/ic\/ingenieria-de-prompts\/","title":{"rendered":"Ingenier\u00eda de prompts"},"content":{"rendered":"\n\n\n\n\n<div class=\"wp-block-media-text is-stacked-on-mobile\" style=\"grid-template-columns:32% auto\"><figure class=\"wp-block-media-text__media\"><img loading=\"lazy\" decoding=\"async\" width=\"1024\" height=\"683\" src=\"https:\/\/mmendiola.net\/ic\/wp-content\/uploads\/2025\/11\/chatGPT.jpg\" alt=\"\" class=\"wp-image-26 size-full\" srcset=\"https:\/\/mmendiola.net\/ic\/wp-content\/uploads\/2025\/11\/chatGPT.jpg 1024w, https:\/\/mmendiola.net\/ic\/wp-content\/uploads\/2025\/11\/chatGPT-300x200.jpg 300w, https:\/\/mmendiola.net\/ic\/wp-content\/uploads\/2025\/11\/chatGPT-768x512.jpg 768w\" sizes=\"auto, (max-width: 1024px) 100vw, 1024px\" \/><\/figure><div class=\"wp-block-media-text__content\">\n<p><\/p>\n<\/div><\/div>\n\n\n\n<p><strong>La Ingenier\u00eda de Prompts<\/strong> se refiere al proceso sistem\u00e1tico de <strong><em>dise\u00f1o, creaci\u00f3n y optimizaci\u00f3n de instrucciones<\/em><\/strong> que se le dan a la Inteligencia Artificial y son conocidos como <strong>prompts<\/strong> <\/p>\n\n\n\n<p>Los <strong>Prompts<\/strong> son utilizados para interactuar con modelos de lenguaje basados en inteligencia artificial, <strong><em>con el fin de obtener respuestas precisas, relevantes y coherentes<\/em><\/strong> que satisfagan necesidades espec\u00edficas de informaci\u00f3n o tareas. <\/p>\n\n\n\n<p>Esto implica aplicar principios de  ling\u00fc\u00edstica,  inteligencia artificial y de la ingenier\u00eda de software para <strong><em>analizar, dise\u00f1ar y evaluar prompts<\/em><\/strong> que maximicen la eficacia y eficiencia de los modelos de lenguaje en diversas aplicaciones, como la generaci\u00f3n de texto, la respuesta a preguntas y la resoluci\u00f3n de problemas.<\/p>\n\n\n\n\n<h2><a href=\"https:\/\/ic-esimeculhuacan.mx\/generador-ic2025\/\" target=\"_Blank\" data-wplink-edit=\"true\"> Generador de Prompts<\/a><\/h2>","protected":false},"excerpt":{"rendered":"<p>Generador de Prompts<\/p>\n","protected":false},"author":1,"featured_media":26,"parent":0,"menu_order":0,"comment_status":"closed","ping_status":"closed","template":"","meta":{"pagelayer_contact_templates":[],"_pagelayer_content":"","footnotes":""},"class_list":["post-7","page","type-page","status-publish","has-post-thumbnail","hentry"],"_links":{"self":[{"href":"https:\/\/mmendiola.net\/ic\/wp-json\/wp\/v2\/pages\/7","targetHints":{"allow":["GET"]}}],"collection":[{"href":"https:\/\/mmendiola.net\/ic\/wp-json\/wp\/v2\/pages"}],"about":[{"href":"https:\/\/mmendiola.net\/ic\/wp-json\/wp\/v2\/types\/page"}],"author":[{"embeddable":true,"href":"https:\/\/mmendiola.net\/ic\/wp-json\/wp\/v2\/users\/1"}],"replies":[{"embeddable":true,"href":"https:\/\/mmendiola.net\/ic\/wp-json\/wp\/v2\/comments?post=7"}],"version-history":[{"count":17,"href":"https:\/\/mmendiola.net\/ic\/wp-json\/wp\/v2\/pages\/7\/revisions"}],"predecessor-version":[{"id":134,"href":"https:\/\/mmendiola.net\/ic\/wp-json\/wp\/v2\/pages\/7\/revisions\/134"}],"wp:featuredmedia":[{"embeddable":true,"href":"https:\/\/mmendiola.net\/ic\/wp-json\/wp\/v2\/media\/26"}],"wp:attachment":[{"href":"https:\/\/mmendiola.net\/ic\/wp-json\/wp\/v2\/media?parent=7"}],"curies":[{"name":"wp","href":"https:\/\/api.w.org\/{rel}","templated":true}]}}